{"id":1576,"date":"2014-05-23T17:48:48","date_gmt":"2014-05-23T17:48:48","guid":{"rendered":"http:\/\/wayupsoftware.cl\/test\/?page_id=1576"},"modified":"2018-04-16T13:31:20","modified_gmt":"2018-04-16T17:31:20","slug":"clientes","status":"publish","type":"page","link":"http:\/\/wayupsoftware.cl\/wms\/clientes\/","title":{"rendered":"Clientes"},"content":{"rendered":"<p align=\"LEFT\"><span style=\"color: #333333;\"><span style=\"font-family: Helvetica, sans-serif;\"><span><b>Warehousing Valle Grande S.A. <\/b> es un Operador Log\u00edstico experto en el almacenaje de sustancias peligrosas para el sector Qu\u00edmico (inflamables). Cuenta con un Sistema de Gesti\u00f3n de Calidad y Medio Ambiente certificado bajo las Normas Internacionales ISO 9001:2000 e ISO 14001:2004, otorgado por SGS Chile Ltda.<\/span><\/span><\/span><\/p>\n<ul>\n<li><span style=\"color: #333333;\"> <span style=\"font-family: Helvetica, sans-serif;\"><span>Posee un Centro de Distribuci\u00f3n de 10.000 m2, muy tecnificado y que atiende sobre 100 clientes con log\u00edsticas particulares en cada uno.<\/span><\/span><\/span><\/li>\n<li><span style=\"color: #333333;\"> <span style=\"font-family: Helvetica, sans-serif;\"><span>El proceso de Implantaci\u00f3n del WMS wayUP fue un Proyecto incremental.<\/span><\/span><\/span><\/li>\n<li><span style=\"color: #333333;\"> <span style=\"font-family: Helvetica, sans-serif;\"><span>Actualmente Warehousing Valle Grande S.A. se encuentra operando con todas las funcionalidades del WMS wayUP.<\/span><\/span><\/span><\/li>\n<\/ul>\n<p><span style=\"color: #333333;\"><span style=\"font-family: Helvetica, sans-serif;\"><span>Los clientes que conf\u00edan en nuestro wms son:<\/span><\/span><\/span><\/p>\n<p><img loading=\"lazy\" decoding=\"async\" class=\"aligncenter size-large wp-image-1769\" alt=\"clientes-wms-wayup-empresas-chile-logistica\" src=\"http:\/\/wayupsoftware.cl\/wms\/wp-content\/uploads\/2014\/05\/clientes-wms-wayup-empresas-chile-logistica-1024x425.png\" width=\"870\" height=\"361\" srcset=\"http:\/\/wayupsoftware.cl\/wms\/wp-content\/uploads\/2014\/05\/clientes-wms-wayup-empresas-chile-logistica-1024x425.png 1024w, http:\/\/wayupsoftware.cl\/wms\/wp-content\/uploads\/2014\/05\/clientes-wms-wayup-empresas-chile-logistica-300x124.png 300w, http:\/\/wayupsoftware.cl\/wms\/wp-content\/uploads\/2014\/05\/clientes-wms-wayup-empresas-chile-logistica.png 1165w\" sizes=\"(max-width: 870px) 100vw, 870px\" \/><\/p>\n","protected":false},"excerpt":{"rendered":"<p>Warehousing Valle Grande S.A. es un Operador Log\u00edstico experto en el almacenaje de sustancias peligrosas para el sector Qu\u00edmico (inflamables). [&hellip;]<\/p>\n","protected":false},"author":1,"featured_media":0,"parent":0,"menu_order":0,"comment_status":"open","ping_status":"open","template":"page-no-sidebar.php","meta":{"footnotes":""},"_links":{"self":[{"href":"http:\/\/wayupsoftware.cl\/wms\/wp-json\/wp\/v2\/pages\/1576"}],"collection":[{"href":"http:\/\/wayupsoftware.cl\/wms\/wp-json\/wp\/v2\/pages"}],"about":[{"href":"http:\/\/wayupsoftware.cl\/wms\/wp-json\/wp\/v2\/types\/page"}],"author":[{"embeddable":true,"href":"http:\/\/wayupsoftware.cl\/wms\/wp-json\/wp\/v2\/users\/1"}],"replies":[{"embeddable":true,"href":"http:\/\/wayupsoftware.cl\/wms\/wp-json\/wp\/v2\/comments?post=1576"}],"version-history":[{"count":11,"href":"http:\/\/wayupsoftware.cl\/wms\/wp-json\/wp\/v2\/pages\/1576\/revisions"}],"predecessor-version":[{"id":1770,"href":"http:\/\/wayupsoftware.cl\/wms\/wp-json\/wp\/v2\/pages\/1576\/revisions\/1770"}],"wp:attachment":[{"href":"http:\/\/wayupsoftware.cl\/wms\/wp-json\/wp\/v2\/media?parent=1576"}],"curies":[{"name":"wp","href":"https:\/\/api.w.org\/{rel}","templated":true}]}}