{"id":1574,"date":"2014-05-23T17:44:42","date_gmt":"2014-05-23T17:44:42","guid":{"rendered":"http:\/\/wayupsoftware.cl\/test\/?page_id=1574"},"modified":"2014-11-25T12:39:36","modified_gmt":"2014-11-25T16:39:36","slug":"wms-funcionalidades-procesos-recepcion-almacenamiento-preparacion-despacho","status":"publish","type":"page","link":"http:\/\/wayupsoftware.cl\/wms\/wms-funcionalidades-procesos-recepcion-almacenamiento-preparacion-despacho\/","title":{"rendered":"<span class=\"light\">Funcionalidad,<\/span> procesos log\u00edsticos, el nuevo cerebro del almac\u00e9n"},"content":{"rendered":"<p align=\"LEFT\"><span style=\"color: #000000;\"><span style=\"font-family: Helvetica, sans-serif;\"><span>El sistema ha sido concebido y desarrollado como una herramienta sencilla para los usuarios y potente para el o los administradores de los almacenes, facilitando con ello la labor de captura de datos en su operaci\u00f3n diaria.<\/span><\/span><\/span><\/p>\n<p align=\"LEFT\"><span style=\"color: #000000;\"><span style=\"font-family: Helvetica, sans-serif;\"><span>Los objetivos a alcanzar con la puesta en marcha e implantaci\u00f3n de este sistema son:<\/span><\/span><\/span><\/p>\n<ul>\n<li><span style=\"color: #333333;\"><span style=\"font-family: Helvetica, sans-serif;\"><span>Disminuir el tiempo y aumentar la eficiencia en los procesos de entrada y salida de productos.<\/span><\/span><\/span><\/li>\n<\/ul>\n<ul>\n<li><span style=\"color: #333333;\"><span style=\"font-family: Helvetica, sans-serif;\"><span>Validar y controlar el proceso de devoluciones.<\/span><\/span><\/span><\/li>\n<\/ul>\n<ul>\n<li><span style=\"color: #333333;\"><span style=\"font-family: Helvetica, sans-serif;\"><span>Realizar el proceso de Picking de manera ordenada y guiada a trav\u00e9s de terminales de RF para actualizar en l\u00ednea los inventarios y reabastecer oportunamente las localidades de abasto.<\/span><\/span><\/span><\/li>\n<\/ul>\n<ul>\n<li><span style=\"color: #333333;\"><span style=\"font-family: Helvetica, sans-serif;\"><span>Mantener el inventario actualizado en tiempo real para la planeaci\u00f3n de ventas.<\/span><\/span><\/span><\/li>\n<\/ul>\n<ul>\n<li><span style=\"color: #333333;\"><span style=\"font-family: Helvetica, sans-serif;\"><span>Controlar el proceso de Despacho.<\/span><\/span><\/span><\/li>\n<\/ul>\n<p align=\"LEFT\"><span style=\"color: #000000;\"><span style=\"font-family: Helvetica, sans-serif;\"><span>La calidad de servicio mejora debido a que permite:<\/span><\/span><\/span><\/p>\n<ul>\n<li>\n<p align=\"LEFT\"><span style=\"color: #000000;\"><span style=\"font-family: Helvetica, sans-serif;\"><span>Obtener informaci\u00f3n en tiempo real, con lo que los productos est\u00e1n disponibles desde que entra en el almac\u00e9n, reduciendo as\u00ed el n\u00famero de faltas en el servicio.<\/span><\/span><\/span><\/p>\n<\/li>\n<li>\n<p align=\"LEFT\"><span style=\"color: #000000;\"><span style=\"font-family: Helvetica, sans-serif;\"><span>Controlar la preparaci\u00f3n de los pedidos, con lo que se reducen los errores en los env\u00edos y se es mas eficiente en todos los procesos involucrados.<\/span><\/span><\/span><\/p>\n<\/li>\n<\/ul>\n","protected":false},"excerpt":{"rendered":"<p>El sistema ha sido concebido y desarrollado como una herramienta sencilla para los usuarios y potente para el o los [&hellip;]<\/p>\n","protected":false},"author":1,"featured_media":0,"parent":0,"menu_order":0,"comment_status":"open","ping_status":"open","template":"page-no-sidebar.php","meta":{"footnotes":""},"_links":{"self":[{"href":"http:\/\/wayupsoftware.cl\/wms\/wp-json\/wp\/v2\/pages\/1574"}],"collection":[{"href":"http:\/\/wayupsoftware.cl\/wms\/wp-json\/wp\/v2\/pages"}],"about":[{"href":"http:\/\/wayupsoftware.cl\/wms\/wp-json\/wp\/v2\/types\/page"}],"author":[{"embeddable":true,"href":"http:\/\/wayupsoftware.cl\/wms\/wp-json\/wp\/v2\/users\/1"}],"replies":[{"embeddable":true,"href":"http:\/\/wayupsoftware.cl\/wms\/wp-json\/wp\/v2\/comments?post=1574"}],"version-history":[{"count":8,"href":"http:\/\/wayupsoftware.cl\/wms\/wp-json\/wp\/v2\/pages\/1574\/revisions"}],"predecessor-version":[{"id":1706,"href":"http:\/\/wayupsoftware.cl\/wms\/wp-json\/wp\/v2\/pages\/1574\/revisions\/1706"}],"wp:attachment":[{"href":"http:\/\/wayupsoftware.cl\/wms\/wp-json\/wp\/v2\/media?parent=1574"}],"curies":[{"name":"wp","href":"https:\/\/api.w.org\/{rel}","templated":true}]}}