{"id":1570,"date":"2014-05-23T16:37:01","date_gmt":"2014-05-23T16:37:01","guid":{"rendered":"http:\/\/wayupsoftware.cl\/test\/?page_id=1570"},"modified":"2014-11-25T12:44:47","modified_gmt":"2014-11-25T16:44:47","slug":"quienes-somos-wms-wayup","status":"publish","type":"page","link":"http:\/\/wayupsoftware.cl\/wms\/quienes-somos-wms-wayup\/","title":{"rendered":"Nosotros"},"content":{"rendered":"<p><span><span style=\"font-family: Helvetica, sans-serif;\"><b>wms wayUP <\/b> Nace de la motivaci\u00f3n de generar una alternativa en el mercado latino de los <b>sistemas de administraci\u00f3n de bodega<\/b> a un precio al alcance de cualquier peque\u00f1a-mediana empresa pero con la funcionalidad de un World Class.<\/span><\/span><\/p>\n<p><span><span style=\"font-family: Helvetica, sans-serif;\"><b>wms wayUP <\/b>es fundada el a\u00f1o 2004 por un grupo de profesionales con una vasta experiencia en el \u00e1rea de TI aplicada a la log\u00edstica.<\/span><\/span><\/p>\n<p><span><span style=\"font-family: Helvetica, sans-serif;\">Contamos con un personal de destacada experiencia en las \u00e1reas de log\u00edstica, ingenier\u00eda de software, gesti\u00f3n de proyectos, e-commerce y consultor\u00edas estrat\u00e9gicas.<\/span><\/span><\/p>\n<p align=\"JUSTIFY\"><span style=\"color: #333333;\"><span style=\"font-family: Helvetica, sans-serif;\"><span>Acompa\u00f1amos a nuestros clientes en la mejora continua en los procesos de su cadena de abastecimiento a trav\u00e9s de nuestro WMS. <\/span><\/span><\/span><\/p>\n<p align=\"JUSTIFY\"><span style=\"color: #333333;\"><span style=\"font-family: Helvetica, sans-serif;\"><span>\u00c1reas funcionales:<\/span><\/span><\/span><\/p>\n<ul>\n<li>\n<p align=\"JUSTIFY\"><span style=\"color: #333333;\"><span style=\"font-family: Helvetica, sans-serif;\"><span>Consultor\u00eda \u00a0y Desarrollo<\/span><\/span><\/span><\/p>\n<\/li>\n<li>\n<p align=\"JUSTIFY\"><span style=\"color: #333333;\"><span style=\"font-family: Helvetica, sans-serif;\"><span>Capacitaci\u00f3n<\/span><\/span><\/span><\/p>\n<\/li>\n<li>\n<p align=\"JUSTIFY\"><span style=\"color: #333333;\"><span style=\"font-family: Helvetica, sans-serif;\"><span>Soporte<\/span><\/span><\/span><\/p>\n<\/li>\n<\/ul>\n<p style=\"text-align: center;\"><!--\n<a href=\"http:\/\/wayupsoftware.cl\/test\/wp-content\/uploads\/2014\/05\/wayUP_logistica.jpg\"><img loading=\"lazy\" decoding=\"async\" class=\"alignnone size-full wp-image-1571\" alt=\"wayUP_logistica\" src=\"http:\/\/wayupsoftware.cl\/test\/wp-content\/uploads\/2014\/05\/wayUP_logistica.jpg\" width=\"150\" height=\"123\" \/><\/a>\n--><\/p>\n","protected":false},"excerpt":{"rendered":"<p>wms wayUP Nace de la motivaci\u00f3n de generar una alternativa en el mercado latino de los sistemas de administraci\u00f3n de [&hellip;]<\/p>\n","protected":false},"author":1,"featured_media":0,"parent":0,"menu_order":0,"comment_status":"open","ping_status":"open","template":"page-no-sidebar.php","meta":{"footnotes":""},"_links":{"self":[{"href":"http:\/\/wayupsoftware.cl\/wms\/wp-json\/wp\/v2\/pages\/1570"}],"collection":[{"href":"http:\/\/wayupsoftware.cl\/wms\/wp-json\/wp\/v2\/pages"}],"about":[{"href":"http:\/\/wayupsoftware.cl\/wms\/wp-json\/wp\/v2\/types\/page"}],"author":[{"embeddable":true,"href":"http:\/\/wayupsoftware.cl\/wms\/wp-json\/wp\/v2\/users\/1"}],"replies":[{"embeddable":true,"href":"http:\/\/wayupsoftware.cl\/wms\/wp-json\/wp\/v2\/comments?post=1570"}],"version-history":[{"count":16,"href":"http:\/\/wayupsoftware.cl\/wms\/wp-json\/wp\/v2\/pages\/1570\/revisions"}],"predecessor-version":[{"id":1755,"href":"http:\/\/wayupsoftware.cl\/wms\/wp-json\/wp\/v2\/pages\/1570\/revisions\/1755"}],"wp:attachment":[{"href":"http:\/\/wayupsoftware.cl\/wms\/wp-json\/wp\/v2\/media?parent=1570"}],"curies":[{"name":"wp","href":"https:\/\/api.w.org\/{rel}","templated":true}]}}